{"id":28,"date":"2022-09-25T13:32:01","date_gmt":"2022-09-25T11:32:01","guid":{"rendered":"http:\/\/ratzfatz-repariert.de\/?page_id=28"},"modified":"2022-09-25T15:49:06","modified_gmt":"2022-09-25T13:49:06","slug":"ein-startseiten-abschnitt","status":"publish","type":"page","link":"https:\/\/ratzfatz-repariert.de\/index.php\/ein-startseiten-abschnitt\/","title":{"rendered":"Reparaturen"},"content":{"rendered":"\n<div class=\"wp-container-9 wp-block-columns\">\n<div class=\"wp-container-4 wp-block-column\">\n<div class=\"wp-container-3 wp-block-columns\">\n<div class=\"wp-container-1 wp-block-column\">\n<h3>defekte T\u00fcre<\/h3>\n\n\n\n<ul><li>T\u00fcr schleift.<\/li><li>T\u00fcr klemmt.<\/li><li>T\u00fcrdichtung ist lose.<\/li><li>Risse in der T\u00fcre.<\/li><li>Glasbruch.<\/li><li>Einbruch-schaden.<\/li><li>Schloss schlie\u00dft nicht.<\/li><li>Lockere T\u00fcrangeln oder Scharniere.<\/li><li>Zimmert\u00fcre. Haust\u00fcre. Schrankt\u00fcre.<\/li><\/ul>\n<\/div>\n\n\n\n<div class=\"wp-container-2 wp-block-column\">\n<h3>defekte Fenster<\/h3>\n\n\n\n<ul><li>Undichtes Fenster.<\/li><li>Fenster klemmt.<\/li><li>Fensterband lose.<\/li><li>Fenster schlie\u00dft nicht.<\/li><li>Glasbruch.<\/li><li>Schaden nach Unwetter.<\/li><li>Risse im Holz.<\/li><li>Dreh-Kipp besch\u00e4digt.<\/li><li>Fensterfl\u00fcgel verzogen.<\/li><\/ul>\n<\/div>\n<\/div>\n<\/div>\n\n\n\n<div class=\"wp-container-8 wp-block-column\">\n<div class=\"wp-container-7 wp-block-columns\">\n<div class=\"wp-container-5 wp-block-column\">\n<h3>defekte Rollladen<\/h3>\n\n\n\n<ul><li>Rollladengurt reparieren.<\/li><li>Rollladen klemmt.<\/li><li>Unwetter-schaden am Rollladen.<\/li><li>Rollladengurt gerissen.<\/li><li>Defekte Rollladen austauschen.<\/li><li>Rollladen-lamellen defekt.<\/li><li>Gurtwickler austauschen.<\/li><li>Rollladegurt tauschen.<\/li><li>Rollladen verzogen.<\/li><\/ul>\n<\/div>\n\n\n\n<div class=\"wp-container-6 wp-block-column\">\n<h3>defekte M\u00f6bel<\/h3>\n\n\n\n<ul><li>M\u00f6bel reparieren.<\/li><li>Stuhl leimen.<\/li><li>Tisch instandsetzen.<\/li><li>Kratzer an M\u00f6beln beseitigen.<\/li><li>Schrank aufarbeiten.<\/li><li>Furnier reparieren.<\/li><li>Wackelnder Stuhl.<\/li><li>Macke im Holztisch beseitigen.<\/li><li>M\u00f6bel restaurieren.<\/li><\/ul>\n<\/div>\n<\/div>\n<\/div>\n<\/div>\n","protected":false},"excerpt":{"rendered":"<p>defekte T\u00fcre T\u00fcr schleift. T\u00fcr klemmt. T\u00fcrdichtung ist lose. Risse in der T\u00fcre. Glasbruch. Einbruch-schaden. Schloss schlie\u00dft nicht. Lockere T\u00fcrangeln oder Scharniere. Zimmert\u00fcre. Haust\u00fcre. Schrankt\u00fcre. defekte Fenster Undichtes Fenster. Fenster klemmt. Fensterband lose. Fenster schlie\u00dft nicht. Glasbruch. Schaden nach Unwetter. Risse im Holz. Dreh-Kipp besch\u00e4digt. Fensterfl\u00fcgel verzogen. defekte Rollladen Rollladengurt reparieren. Rollladen klemmt. Unwetter-schaden am &hellip; <\/p>\n<p class=\"link-more\"><a href=\"https:\/\/ratzfatz-repariert.de\/index.php\/ein-startseiten-abschnitt\/\" class=\"more-link\"><span class=\"screen-reader-text\">\u201eReparaturen\u201c<\/span> weiterlesen<\/a><\/p>\n","protected":false},"author":1,"featured_media":30,"parent":0,"menu_order":0,"comment_status":"closed","ping_status":"closed","template":"","meta":[],"_links":{"self":[{"href":"https:\/\/ratzfatz-repariert.de\/index.php\/wp-json\/wp\/v2\/pages\/28"}],"collection":[{"href":"https:\/\/ratzfatz-repariert.de\/index.php\/wp-json\/wp\/v2\/pages"}],"about":[{"href":"https:\/\/ratzfatz-repariert.de\/index.php\/wp-json\/wp\/v2\/types\/page"}],"author":[{"embeddable":true,"href":"https:\/\/ratzfatz-repariert.de\/index.php\/wp-json\/wp\/v2\/users\/1"}],"replies":[{"embeddable":true,"href":"https:\/\/ratzfatz-repariert.de\/index.php\/wp-json\/wp\/v2\/comments?post=28"}],"version-history":[{"count":7,"href":"https:\/\/ratzfatz-repariert.de\/index.php\/wp-json\/wp\/v2\/pages\/28\/revisions"}],"predecessor-version":[{"id":55,"href":"https:\/\/ratzfatz-repariert.de\/index.php\/wp-json\/wp\/v2\/pages\/28\/revisions\/55"}],"wp:featuredmedia":[{"embeddable":true,"href":"https:\/\/ratzfatz-repariert.de\/index.php\/wp-json\/wp\/v2\/media\/30"}],"wp:attachment":[{"href":"https:\/\/ratzfatz-repariert.de\/index.php\/wp-json\/wp\/v2\/media?parent=28"}],"curies":[{"name":"wp","href":"https:\/\/api.w.org\/{rel}","templated":true}]}}